{"id":375,"date":"2021-09-05T09:55:02","date_gmt":"2021-09-05T07:55:02","guid":{"rendered":"https:\/\/yalcom.ch\/audits\/"},"modified":"2024-12-10T23:16:37","modified_gmt":"2024-12-10T22:16:37","slug":"audits","status":"publish","type":"page","link":"https:\/\/yalcom.ch\/en\/audits\/","title":{"rendered":"Audits"},"content":{"rendered":"\n[et_pb_section fb_built=&#8221;1&#8243; fullwidth=&#8221;on&#8221; _builder_version=&#8221;4.10.4&#8243; _module_preset=&#8221;default&#8221; global_colors_info=&#8221;{}&#8221;][et_pb_fullwidth_image src=&#8221;https:\/\/yalcom.ch\/wp-content\/uploads\/2021\/09\/audit-top.jpg&#8221; title_text=&#8221;audit-top&#8221; _builder_version=&#8221;4.10.4&#8243; _module_preset=&#8221;default&#8221; global_colors_info=&#8221;{}&#8221;][\/et_pb_fullwidth_image][et_pb_fullwidth_header title=&#8221;Audits&#8221; subhead=&#8221;Individuelle L\u00f6sungen f\u00fcr Ihr Qualit\u00e4tsmanagement&#8221; _builder_version=&#8221;4.10.4&#8243; _module_preset=&#8221;default&#8221; use_background_color_gradient=&#8221;on&#8221; background_color_gradient_start=&#8221;#e02b20&#8243; background_color_gradient_end=&#8221;#c94426&#8243; global_colors_info=&#8221;{}&#8221;][\/et_pb_fullwidth_header][\/et_pb_section][et_pb_section fb_built=&#8221;1&#8243; _builder_version=&#8221;3.22&#8243; global_colors_info=&#8221;{}&#8221;][et_pb_row _builder_version=&#8221;3.25&#8243; background_size=&#8221;initial&#8221; background_position=&#8221;top_left&#8221; background_repeat=&#8221;repeat&#8221; global_colors_info=&#8221;{}&#8221;][et_pb_column type=&#8221;4_4&#8243; _builder_version=&#8221;3.25&#8243; custom_padding=&#8221;|||&#8221; global_colors_info=&#8221;{}&#8221; custom_padding__hover=&#8221;|||&#8221;][et_pb_text _builder_version=&#8221;4.10.4&#8243; background_size=&#8221;initial&#8221; background_position=&#8221;top_left&#8221; background_repeat=&#8221;repeat&#8221; global_colors_info=&#8221;{}&#8221;]<p><span style=\"font-weight: 400;\">Audits sorgen f\u00fcr bessere Qualit\u00e4t, decken Potenziale auf und erzeugen neue Impulse. Wir begleiten Sie bei mehrsprachigen Produkt- und Systemaudits Ihrer Lieferanten weltweit und erstellen f\u00fcr Sie Auditberichte und Risikoanalysen. Ausserdem f\u00fchren wir Ihre j\u00e4hrlichen internen Audits durch<\/span><b>.<\/b><\/p>\n<p><b><\/b><\/p>\n<h3><span style=\"font-weight: 400;\">Ihre Vorteile<\/span><b><\/b><\/h3>\n<ul>\n<li style=\"font-weight: 400;\" aria-level=\"1\"><b>Individuelle<\/b><span style=\"font-weight: 400;\"> Lieferantenaudits und interne Audits (weltweit auch in englischer Sprache)<\/span><\/li>\n<li style=\"font-weight: 400;\" aria-level=\"1\"><span style=\"font-weight: 400;\">Interne Audits im Rahmen des <\/span><b>DIN EN ISO 9001:2015<\/b><span style=\"font-weight: 400;\"> und <\/span><b>DIN EN 9100<\/b><span style=\"font-weight: 400;\"> Managementsystems<\/span><\/li>\n<li style=\"font-weight: 400;\" aria-level=\"1\"><span style=\"font-weight: 400;\">Erstellung von <\/span><b>Auditprogrammen und Auditberichten<\/b><\/li>\n<li style=\"font-weight: 400;\" aria-level=\"1\"><span style=\"font-weight: 400;\">Separate <\/span><b>Abweichungsdokumentation und Massnahmenplanung<\/b><\/li>\n<li style=\"font-weight: 400;\" aria-level=\"1\"><b>Praktisch orientierte Audits<\/b><span style=\"font-weight: 400;\"> am Ort der Wertsch\u00f6pfung<\/span><\/li>\n<li style=\"font-weight: 400;\" aria-level=\"1\"><b>Aktionsverfolgung<\/b><span style=\"font-weight: 400;\"> bis zum Abschluss<\/span><\/li>\n<\/ul>\n<p>&nbsp;<\/p>[\/et_pb_text][\/et_pb_column][\/et_pb_row][\/et_pb_section][et_pb_section fb_built=&#8221;1&#8243; _builder_version=&#8221;4.10.4&#8243; background_color=&#8221;#E02B20&#8243; global_module=&#8221;132&#8243; saved_tabs=&#8221;all&#8221; global_colors_info=&#8221;{}&#8221;][et_pb_row _builder_version=&#8221;3.25&#8243; background_size=&#8221;initial&#8221; background_position=&#8221;top_left&#8221; background_repeat=&#8221;repeat&#8221; global_colors_info=&#8221;{}&#8221;][et_pb_column type=&#8221;4_4&#8243; _builder_version=&#8221;3.25&#8243; custom_padding=&#8221;|||&#8221; global_colors_info=&#8221;{}&#8221; custom_padding__hover=&#8221;|||&#8221;][et_pb_cta title=&#8221;Interesse? &#8221; button_url=&#8221;mailto:info@yalcom.ch&#8221; button_text=&#8221;Jetzt kontaktieren&#8221; _builder_version=&#8221;4.10.4&#8243; header_text_color=&#8221;#FFFFFF&#8221; body_text_color=&#8221;#FFFFFF&#8221; use_background_color=&#8221;off&#8221; background_size=&#8221;initial&#8221; background_position=&#8221;top_left&#8221; background_repeat=&#8221;repeat&#8221; custom_button=&#8221;on&#8221; button_text_size=&#8221;16px&#8221; button_text_color=&#8221;#FFFFFF&#8221; button_bg_color=&#8221;RGBA(0,0,0,0)&#8221; button_border_width=&#8221;1px&#8221; button_border_color=&#8221;#FFFFFF&#8221; button_border_radius=&#8221;0px&#8221; button_font=&#8221;||||||||&#8221; button_icon=&#8221;%%3%%&#8221; button_icon_color=&#8221;#FFFFFF&#8221; background_layout=&#8221;light&#8221; global_colors_info=&#8221;{}&#8221; button_text_size__hover_enabled=&#8221;off&#8221; button_one_text_size__hover_enabled=&#8221;off&#8221; button_two_text_size__hover_enabled=&#8221;off&#8221; button_text_color__hover_enabled=&#8221;off&#8221; button_one_text_color__hover_enabled=&#8221;off&#8221; button_two_text_color__hover_enabled=&#8221;off&#8221; button_border_width__hover_enabled=&#8221;off&#8221; button_one_border_width__hover_enabled=&#8221;off&#8221; button_two_border_width__hover_enabled=&#8221;off&#8221; button_border_color__hover_enabled=&#8221;off&#8221; button_one_border_color__hover_enabled=&#8221;off&#8221; button_two_border_color__hover_enabled=&#8221;off&#8221; button_border_radius__hover_enabled=&#8221;off&#8221; button_one_border_radius__hover_enabled=&#8221;off&#8221; button_two_border_radius__hover_enabled=&#8221;off&#8221; button_letter_spacing__hover_enabled=&#8221;off&#8221; button_one_letter_spacing__hover_enabled=&#8221;off&#8221; button_two_letter_spacing__hover_enabled=&#8221;off&#8221; button_bg_color__hover_enabled=&#8221;off&#8221; button_one_bg_color__hover_enabled=&#8221;off&#8221; button_two_bg_color__hover_enabled=&#8221;off&#8221;][\/et_pb_cta][\/et_pb_column][\/et_pb_row][\/et_pb_section]\n","protected":false},"excerpt":{"rendered":"<p>Audits sorgen f\u00fcr bessere Qualit\u00e4t, decken Potenziale auf und erzeugen neue Impulse. Wir begleiten Sie bei mehrsprachigen Produkt- und Systemaudits Ihrer Lieferanten weltweit und erstellen f\u00fcr Sie Auditberichte und Risikoanalysen. Ausserdem f\u00fchren wir Ihre j\u00e4hrlichen internen Audits durch. Ihre Vorteile Individuelle Lieferantenaudits und interne Audits (weltweit auch in englischer Sprache) Interne Audits im Rahmen des [&hellip;]<\/p>\n","protected":false},"author":1,"featured_media":0,"parent":0,"menu_order":0,"comment_status":"closed","ping_status":"closed","template":"","meta":{"_et_pb_use_builder":"on","_et_pb_old_content":"","_et_gb_content_width":"","_monsterinsights_skip_tracking":false,"_monsterinsights_sitenote_active":false,"_monsterinsights_sitenote_note":"","_monsterinsights_sitenote_category":0,"footnotes":""},"class_list":["post-375","page","type-page","status-publish","hentry"],"yoast_head":"<!-- This site is optimized with the Yoast SEO plugin v22.0 - https:\/\/yoast.com\/wordpress\/plugins\/seo\/ -->\n<title>Audits - yalcom<\/title>\n<meta name=\"robots\" content=\"index, follow, max-snippet:-1, max-image-preview:large, max-video-preview:-1\" \/>\n<link rel=\"canonical\" href=\"https:\/\/yalcom.ch\/en\/audits\/\" \/>\n<meta property=\"og:locale\" content=\"en_US\" \/>\n<meta property=\"og:type\" content=\"article\" \/>\n<meta property=\"og:title\" content=\"Audits - yalcom\" \/>\n<meta property=\"og:description\" content=\"Audits sorgen f\u00fcr bessere Qualit\u00e4t, decken Potenziale auf und erzeugen neue Impulse. Wir begleiten Sie bei mehrsprachigen Produkt- und Systemaudits Ihrer Lieferanten weltweit und erstellen f\u00fcr Sie Auditberichte und Risikoanalysen. Ausserdem f\u00fchren wir Ihre j\u00e4hrlichen internen Audits durch. Ihre Vorteile Individuelle Lieferantenaudits und interne Audits (weltweit auch in englischer Sprache) Interne Audits im Rahmen des [&hellip;]\" \/>\n<meta property=\"og:url\" content=\"https:\/\/yalcom.ch\/en\/audits\/\" \/>\n<meta property=\"og:site_name\" content=\"yalcom\" \/>\n<meta property=\"article:modified_time\" content=\"2024-12-10T22:16:37+00:00\" \/>\n<meta name=\"twitter:card\" content=\"summary_large_image\" \/>\n<meta name=\"twitter:label1\" content=\"Est. reading time\" \/>\n\t<meta name=\"twitter:data1\" content=\"3 minutes\" \/>\n<script type=\"application\/ld+json\" class=\"yoast-schema-graph\">{\"@context\":\"https:\/\/schema.org\",\"@graph\":[{\"@type\":\"WebPage\",\"@id\":\"https:\/\/yalcom.ch\/en\/audits\/\",\"url\":\"https:\/\/yalcom.ch\/en\/audits\/\",\"name\":\"Audits - yalcom\",\"isPartOf\":{\"@id\":\"https:\/\/yalcom.ch\/#website\"},\"datePublished\":\"2021-09-05T07:55:02+00:00\",\"dateModified\":\"2024-12-10T22:16:37+00:00\",\"breadcrumb\":{\"@id\":\"https:\/\/yalcom.ch\/en\/audits\/#breadcrumb\"},\"inLanguage\":\"en-US\",\"potentialAction\":[{\"@type\":\"ReadAction\",\"target\":[\"https:\/\/yalcom.ch\/en\/audits\/\"]}]},{\"@type\":\"BreadcrumbList\",\"@id\":\"https:\/\/yalcom.ch\/en\/audits\/#breadcrumb\",\"itemListElement\":[{\"@type\":\"ListItem\",\"position\":1,\"name\":\"Startseite\",\"item\":\"https:\/\/yalcom.ch\/en\/\"},{\"@type\":\"ListItem\",\"position\":2,\"name\":\"Audits\"}]},{\"@type\":\"WebSite\",\"@id\":\"https:\/\/yalcom.ch\/#website\",\"url\":\"https:\/\/yalcom.ch\/\",\"name\":\"yalcom\",\"description\":\"Your Partner for total solutions\",\"publisher\":{\"@id\":\"https:\/\/yalcom.ch\/#organization\"},\"potentialAction\":[{\"@type\":\"SearchAction\",\"target\":{\"@type\":\"EntryPoint\",\"urlTemplate\":\"https:\/\/yalcom.ch\/?s={search_term_string}\"},\"query-input\":\"required name=search_term_string\"}],\"inLanguage\":\"en-US\"},{\"@type\":\"Organization\",\"@id\":\"https:\/\/yalcom.ch\/#organization\",\"name\":\"yalcom\",\"url\":\"https:\/\/yalcom.ch\/\",\"logo\":{\"@type\":\"ImageObject\",\"inLanguage\":\"en-US\",\"@id\":\"https:\/\/yalcom.ch\/#\/schema\/logo\/image\/\",\"url\":\"https:\/\/yalcom.ch\/wp-content\/uploads\/2024\/12\/26629_YALCOM_logo_BJ-01.png\",\"contentUrl\":\"https:\/\/yalcom.ch\/wp-content\/uploads\/2024\/12\/26629_YALCOM_logo_BJ-01.png\",\"width\":4676,\"height\":957,\"caption\":\"yalcom\"},\"image\":{\"@id\":\"https:\/\/yalcom.ch\/#\/schema\/logo\/image\/\"},\"sameAs\":[\"https:\/\/www.linkedin.com\/in\/harun-yalcin-456bb0165\/recent-activity\/all\/\"]}]}<\/script>\n<!-- \/ Yoast SEO plugin. -->","yoast_head_json":{"title":"Audits - yalcom","robots":{"index":"index","follow":"follow","max-snippet":"max-snippet:-1","max-image-preview":"max-image-preview:large","max-video-preview":"max-video-preview:-1"},"canonical":"https:\/\/yalcom.ch\/en\/audits\/","og_locale":"en_US","og_type":"article","og_title":"Audits - yalcom","og_description":"Audits sorgen f\u00fcr bessere Qualit\u00e4t, decken Potenziale auf und erzeugen neue Impulse. Wir begleiten Sie bei mehrsprachigen Produkt- und Systemaudits Ihrer Lieferanten weltweit und erstellen f\u00fcr Sie Auditberichte und Risikoanalysen. Ausserdem f\u00fchren wir Ihre j\u00e4hrlichen internen Audits durch. Ihre Vorteile Individuelle Lieferantenaudits und interne Audits (weltweit auch in englischer Sprache) Interne Audits im Rahmen des [&hellip;]","og_url":"https:\/\/yalcom.ch\/en\/audits\/","og_site_name":"yalcom","article_modified_time":"2024-12-10T22:16:37+00:00","twitter_card":"summary_large_image","twitter_misc":{"Est. reading time":"3 minutes"},"schema":{"@context":"https:\/\/schema.org","@graph":[{"@type":"WebPage","@id":"https:\/\/yalcom.ch\/en\/audits\/","url":"https:\/\/yalcom.ch\/en\/audits\/","name":"Audits - yalcom","isPartOf":{"@id":"https:\/\/yalcom.ch\/#website"},"datePublished":"2021-09-05T07:55:02+00:00","dateModified":"2024-12-10T22:16:37+00:00","breadcrumb":{"@id":"https:\/\/yalcom.ch\/en\/audits\/#breadcrumb"},"inLanguage":"en-US","potentialAction":[{"@type":"ReadAction","target":["https:\/\/yalcom.ch\/en\/audits\/"]}]},{"@type":"BreadcrumbList","@id":"https:\/\/yalcom.ch\/en\/audits\/#breadcrumb","itemListElement":[{"@type":"ListItem","position":1,"name":"Startseite","item":"https:\/\/yalcom.ch\/en\/"},{"@type":"ListItem","position":2,"name":"Audits"}]},{"@type":"WebSite","@id":"https:\/\/yalcom.ch\/#website","url":"https:\/\/yalcom.ch\/","name":"yalcom","description":"Your Partner for total solutions","publisher":{"@id":"https:\/\/yalcom.ch\/#organization"},"potentialAction":[{"@type":"SearchAction","target":{"@type":"EntryPoint","urlTemplate":"https:\/\/yalcom.ch\/?s={search_term_string}"},"query-input":"required name=search_term_string"}],"inLanguage":"en-US"},{"@type":"Organization","@id":"https:\/\/yalcom.ch\/#organization","name":"yalcom","url":"https:\/\/yalcom.ch\/","logo":{"@type":"ImageObject","inLanguage":"en-US","@id":"https:\/\/yalcom.ch\/#\/schema\/logo\/image\/","url":"https:\/\/yalcom.ch\/wp-content\/uploads\/2024\/12\/26629_YALCOM_logo_BJ-01.png","contentUrl":"https:\/\/yalcom.ch\/wp-content\/uploads\/2024\/12\/26629_YALCOM_logo_BJ-01.png","width":4676,"height":957,"caption":"yalcom"},"image":{"@id":"https:\/\/yalcom.ch\/#\/schema\/logo\/image\/"},"sameAs":["https:\/\/www.linkedin.com\/in\/harun-yalcin-456bb0165\/recent-activity\/all\/"]}]}},"_links":{"self":[{"href":"https:\/\/yalcom.ch\/en\/wp-json\/wp\/v2\/pages\/375","targetHints":{"allow":["GET"]}}],"collection":[{"href":"https:\/\/yalcom.ch\/en\/wp-json\/wp\/v2\/pages"}],"about":[{"href":"https:\/\/yalcom.ch\/en\/wp-json\/wp\/v2\/types\/page"}],"author":[{"embeddable":true,"href":"https:\/\/yalcom.ch\/en\/wp-json\/wp\/v2\/users\/1"}],"replies":[{"embeddable":true,"href":"https:\/\/yalcom.ch\/en\/wp-json\/wp\/v2\/comments?post=375"}],"version-history":[{"count":2,"href":"https:\/\/yalcom.ch\/en\/wp-json\/wp\/v2\/pages\/375\/revisions"}],"predecessor-version":[{"id":648,"href":"https:\/\/yalcom.ch\/en\/wp-json\/wp\/v2\/pages\/375\/revisions\/648"}],"wp:attachment":[{"href":"https:\/\/yalcom.ch\/en\/wp-json\/wp\/v2\/media?parent=375"}],"curies":[{"name":"wp","href":"https:\/\/api.w.org\/{rel}","templated":true}]}}